{"id":2143,"date":"2021-05-19T10:15:52","date_gmt":"2021-05-19T10:15:52","guid":{"rendered":"https:\/\/corbera.residenciaslatorreta.com\/cookies\/"},"modified":"2022-01-08T13:09:48","modified_gmt":"2022-01-08T13:09:48","slug":"politica-de-galetes","status":"publish","type":"page","link":"https:\/\/corbera.residenciaslatorreta.com\/ca\/politica-de-galetes\/","title":{"rendered":"Pol\u00edtica de cookies"},"content":{"rendered":"<div class=\"wpb-content-wrapper\"><p>[vc_row css_animation=&#8221;&#8221; row_type=&#8221;row&#8221; use_row_as_full_screen_section=&#8221;no&#8221; type=&#8221;full_width&#8221; angled_section=&#8221;no&#8221; text_align=&#8221;left&#8221; background_image_as_pattern=&#8221;without_pattern&#8221;][vc_column][vc_column_text]<\/p>\n<div class=\"wpb_text_column wpb_content_element \">\n<div class=\"wpb_wrapper\">\n<p><strong>1. INFORMACI\u00d3 SOBRE COOKIES<\/strong><\/p>\n<p><strong><br \/>\n<\/strong>A causa de l&#8217;entrada en vigor de la referent modificaci\u00f3 de la \u201cLlei de Serveis de la Societat de la Informaci\u00f3\u201d (LSSICE) establerta pel Reial decret 13\/2012, \u00e9s d&#8217;obligaci\u00f3 obtenir el consentiment expr\u00e9s de l&#8217;usuari de totes les p\u00e0gines web que usen cookies prescindibles, abans que aquest hi navegui.<\/p>\n<p>&nbsp;<\/p>\n<p><strong>2. QU\u00c8 S\u00d3N LES COOKIES?<\/strong><\/p>\n<p><strong><br \/>\n<\/strong>Les cookies i altres tecnologies similars com ara local shared objects, flash cookies o p\u00edxels, s\u00f3n eines emprades pels servidors web per emmagatzemar i recuperar informaci\u00f3 sobre els seus visitants, aix\u00ed com per oferir un correcte funcionament del lloc.<br \/>\nMitjan\u00e7ant l\u00fas daquests dispositius es permet al servidor web recordar algunes dades concernents a lusuari, com les seves prefer\u00e8ncies per a la visualitzaci\u00f3 de les p\u00e0gines daquest servidor, nom i contrasenya, productes que m\u00e9s li interessen, etc.<\/p>\n<p>&nbsp;<\/p>\n<p><strong>3. COOKIES AFECTADES PER LA NORMATIVA I COOKIES EXCEPTUADES<\/strong><\/p>\n<p><strong><br \/>\n<\/strong>Segons la directiva de la UE, les galetes que requereixen el consentiment informat per part de l&#8217;usuari s\u00f3n les galetes d&#8217;anal\u00edtica i les de publicitat i afiliaci\u00f3, quedant exceptuades les de car\u00e0cter t\u00e8cnic i les necess\u00e0ries per al funcionament del lloc web o la prestaci\u00f3 de serveis expressament sol\u00b7licitats per l&#8217;usuari.<\/p>\n<p>&nbsp;<\/p>\n<p><strong>4. TIPUS DE COOKIES<\/strong><\/p>\n<p><strong><br \/>\n<\/strong>Sobre els tipus de cookies, hi ha cinc grans grups:<br \/>\n<em>Cookies anal\u00edtiques:<\/em> recullen informaci\u00f3 sobre l&#8217;\u00fas que es fa del lloc web.<br \/>\n<em>Cookies socials:<\/em> s\u00f3n aquelles necess\u00e0ries per a xarxes socials externes.<br \/>\n<em>Cookies d&#8217;afiliats:<\/em> permeten fer un seguiment de les visites procedents d&#8217;altres webs, amb les quals el lloc web estableix un contracte d&#8217;afiliaci\u00f3 (empreses d&#8217;afiliaci\u00f3).<br \/>\n<em>Cookies de publicitat i comportamentals:<\/em> recullen informaci\u00f3 sobre les prefer\u00e8ncies i eleccions personals de l&#8217;usuari (retargeting).<br \/>\n<em>Cookies t\u00e8cniques i funcionals:<\/em> s\u00f3n les estrictament necess\u00e0ries per a l&#8217;\u00fas del lloc web i per a la prestaci\u00f3 del servei contractat.<\/p>\n<p>&nbsp;<\/p>\n<p><strong>5. COOKIES QUE S&#8217;UTILITZEN EN AQUEST LLOC WEB<\/strong><\/p>\n<p>&nbsp;<\/p>\n<p><em>PHPSESSID:<\/em> galeta t\u00e8cnica i estrictament necess\u00e0ria que cont\u00e9 l&#8217;identificador de la sessi\u00f3. S&#8217;elimina en tancar el navegador.<br \/>\n<em>ac_cookies<\/em>: galeta t\u00e8cnica i estrictament necess\u00e0ria que cont\u00e9 el valor de si s&#8217;ha acceptat la instal\u00b7laci\u00f3 de galetes. Caduca a 1 any des de l&#8217;\u00faltima actualitzaci\u00f3.<br \/>\n<em>_ga<\/em>: galeta de Google Analytics que habilita la funci\u00f3 de control de visites \u00faniques. La primera vegada que un usuari entri al lloc web a trav\u00e9s d&#8217;un navegador s&#8217;instal\u00b7lar\u00e0 aquesta galeta. Quan aquest usuari torni a entrar a la web amb el mateix navegador, la galeta considerar\u00e0 que \u00e9s el mateix usuari. Nom\u00e9s en cas que l&#8217;usuari canvi\u00ef de navegador, es considerar\u00e0 un altre usuari. Caduca als 2 anys des de la darrera actualitzaci\u00f3.<br \/>\n<em>_gat<\/em>: Aquesta galeta s&#8217;associa amb Google Analytics Universal. Sutilitza per limitar la velocitat de petici\u00f3 la limitaci\u00f3 de la recollida de dades en els llocs dalt tr\u00e0nsit. Caduca als 10 minuts.<br \/>\n<em>_utma<\/em>: galeta de Google Analytics que registra la data de la primera i \u00faltima vegada que l&#8217;usuari va vestir el lloc web. Caduca als 2 anys des de la darrera actualitzaci\u00f3.<br \/>\n<em>_utmb<\/em>: galeta de Google Analytics que registra l&#8217;hora d&#8217;arribada a la p\u00e0gina web. Caduca als 30 minuts des de la darrera actualitzaci\u00f3.<br \/>\n<em>_utmc:<\/em> galeta de Google Analytics utilitzada per a la interoperabilitat amb el codi de seguiment urchin.js. S&#8217;elimina en tancar el navegador.<br \/>\n<em>_utmt<\/em>: galeta de Google Analytics. Aquesta galeta s&#8217;utilitza per processar el tipus de sol\u00b7licitud demanada per l&#8217;usuari. Caduca en finalitzar la sessi\u00f3.<br \/>\n<em>_utmv<\/em>: galeta de Google Analytics. Aquesta galeta s&#8217;utilitza per segmentar dades demogr\u00e0fiques. Caduca en finalitzar la sessi\u00f3.<br \/>\n<em>_utmz<\/em>: galeta de Google Analytics que emmagatzema la font de tr\u00e0nsit o una campanya per explicar com l&#8217;usuari va arribar al lloc web. Caduca als 6 mesos des de la darrera actualitzaci\u00f3.<\/p>\n<p>&nbsp;<\/p>\n<p><strong>6. REVOCACI\u00d3 DEL CONSENTIMENT PER INSTAL\u00b7LAR COOKIES<\/strong><\/p>\n<p>&nbsp;<\/p>\n<p><strong>COM ELIMINAR LES COOKIES DEL NAVEGADOR<\/strong><\/p>\n<p>&nbsp;<\/p>\n<p><strong>6.1 Chrome<\/strong><\/p>\n<p>1. Seleccioneu la icona d&#8217;Eines<br \/>\n2. Fes clic a Configuraci\u00f3.<br \/>\n3. Feu clic a Mostra Opcions Avan\u00e7ades.<br \/>\n4. A la secci\u00f3 \u201cPrivadesa\u201d feu clic a Configuraci\u00f3 de contingut.<br \/>\n\u2022 Eliminar cookies: Fes clic a Totes les cookies i les dades de llocs\u2026<br \/>\n\u2022 No permeteu que s&#8217;emmagatzemin cookies.<br \/>\n5. Feu clic a Suprimeix les dades de navegaci\u00f3 (buidar la mem\u00f2ria cau).<br \/>\n6. Tanca i reinicia el navegador.<br \/>\nPer a m\u00e9s informaci\u00f3 sobre Chrome feu clic aqu\u00ed: http:\/\/support.google.com\/chrome\/answer\/95647?hl=ca<\/p>\n<p>&nbsp;<\/p>\n<p><strong>6.2 Internet Explorer<\/strong><\/p>\n<p>1. Selecciona Eines | Opcions dInternet.<br \/>\n2. Fes clic a la pestanya General.<br \/>\n3. A la secci\u00f3 \u201cHistorial d&#8217;exploraci\u00f3\u201d, feu clic a Suprimeix l&#8217;historial d&#8217;exploraci\u00f3 en sortir.<br \/>\n4. Seleccionar Suprimeix fitxers.<br \/>\n5. Seleccionar Eliminar cookies.<br \/>\n6. Feu clic a Suprimeix.<br \/>\n7. Fes clic a D&#8217;acord.<br \/>\n8. Tanca i reinicia el navegador.<br \/>\nPer a m\u00e9s informaci\u00f3 sobre Internet Explorer premi aqu\u00ed:<br \/>\n<a href=\"http:\/\/windows.microsoft.com\/es-419\/windows7\/how-to-manage-cookies-in-internet-explorer-9\">http:\/\/windows.microsoft.com\/es- 419\/windows7\/how-to-manage-cookies-in-internet-explorer-9<\/a><\/p>\n<p>&nbsp;<\/p>\n<p><strong>6.3 Firefox<\/strong><\/p>\n<p>1. Seleccioneu Firefox | Historial | Netejar l&#8217;historial recent.<br \/>\n2. Al costat de \u201cDetalls\u201d, feu clic a la fletxa cap avall.<br \/>\n3. Selecciona les caselles de verificaci\u00f3 seg\u00fcents: Cookies, Mem\u00f2ria cau, Inicis de sessi\u00f3 actius<br \/>\n4. Usant el \u201cInterval de temps per esborrar\u201d al men\u00fa desplegable, selecciona Tot.<br \/>\n5. Feu clic a Suprimeix ara.<br \/>\n6. Tanca i reinicia el navegador.<br \/>\nPodeu acceptar o rebutjar les cookies individualment a les Prefer\u00e8ncies del Firefox, a la secci\u00f3 Historial disponible a<br \/>\nEines &gt; Opcions &gt; Privadesa.<br \/>\nPer a m\u00e9s informaci\u00f3 sobre Mozilla Firefox premi aqu\u00ed: <a href=\"https:\/\/www.mozilla.org\/es-ES\/privacy\/websites\/#cookies\">https:\/\/www.mozilla.org\/es-ES\/ privacy\/websites\/#cookies<\/a><\/p>\n<p>&nbsp;<\/p>\n<p><strong>6.4 Safari <\/strong><\/p>\n<p>1. Selecciona la icona de Safari\/Editar | Restaurar Safari.<br \/>\n2. Selecciona les caselles de verificaci\u00f3 seg\u00fcents: Esborrar l&#8217;historial, Eliminar totes les dades de lloc web<br \/>\n3. Fes clic a Restablir.<br \/>\n4. Tanca i reinicia el navegador.<br \/>\nPer a m\u00e9s informaci\u00f3 sobre Safari premi aqu\u00ed: <a href=\"http:\/\/support.apple.com\/kb\/PH5042\">http:\/\/support.apple.com\/kb\/PH5042<\/a><\/p>\n<p>&nbsp;<\/p>\n<p><strong>6.5 Opera<\/strong><\/p>\n<p>Opcions \u2013 Avan\u00e7at \u2013 Galetes.<br \/>\nLes opcions de cookies controlen la manera com Opera els maneja i per tant la seva acceptaci\u00f3 o rebuig.<br \/>\nPer a m\u00e9s informaci\u00f3 sobre \u00d2pera premi aqu\u00ed: http:\/\/help.opera.com\/Linux\/10.60\/ca-ES\/cookies.html<\/p>\n<p>&nbsp;<\/p>\n<p><strong>6.6 Altres navegadors<\/strong><\/p>\n<p>Consulteu la documentaci\u00f3 del navegador que tingueu instal\u00b7lat.<\/p>\n<\/div>\n<\/div>\n<div class=\"vc_empty_space\"><\/div>\n<p>[\/vc_column_text][\/vc_column][\/vc_row][vc_row css_animation=&#8221;&#8221; row_type=&#8221;row&#8221; use_row_as_full_screen_section=&#8221;no&#8221; type=&#8221;full_width&#8221; angled_section=&#8221;no&#8221; text_align=&#8221;left&#8221; background_image_as_pattern=&#8221;without_pattern&#8221;][vc_column][vc_empty_space height=&#8221;60px&#8221;][\/vc_column][\/vc_row]<\/p>\n<\/div>","protected":false},"excerpt":{"rendered":"<p>[vc_row css_animation=&#8221;&#8221; row_type=&#8221;row&#8221; use_row_as_full_screen_section=&#8221;no&#8221; type=&#8221;full_width&#8221; angled_section=&#8221;no&#8221; text_align=&#8221;left&#8221; background_image_as_pattern=&#8221;without_pattern&#8221;][vc_column][vc_column_text] 1. INFORMACI\u00d3 SOBRE COOKIES A causa de l&#8217;entrada en vigor de la referent modificaci\u00f3 de la \u201cLlei de Serveis de la Societat de la Informaci\u00f3\u201d (LSSICE) establerta pel Reial decret 13\/2012, \u00e9s d&#8217;obligaci\u00f3 obtenir el consentiment expr\u00e9s&#8230;<\/p>\n","protected":false},"author":2,"featured_media":0,"parent":0,"menu_order":0,"comment_status":"closed","ping_status":"closed","template":"","meta":{"footnotes":""},"yst_prominent_words":[],"class_list":["post-2143","page","type-page","status-publish","hentry"],"_links":{"self":[{"href":"https:\/\/corbera.residenciaslatorreta.com\/ca\/wp-json\/wp\/v2\/pages\/2143","targetHints":{"allow":["GET"]}}],"collection":[{"href":"https:\/\/corbera.residenciaslatorreta.com\/ca\/wp-json\/wp\/v2\/pages"}],"about":[{"href":"https:\/\/corbera.residenciaslatorreta.com\/ca\/wp-json\/wp\/v2\/types\/page"}],"author":[{"embeddable":true,"href":"https:\/\/corbera.residenciaslatorreta.com\/ca\/wp-json\/wp\/v2\/users\/2"}],"replies":[{"embeddable":true,"href":"https:\/\/corbera.residenciaslatorreta.com\/ca\/wp-json\/wp\/v2\/comments?post=2143"}],"version-history":[{"count":2,"href":"https:\/\/corbera.residenciaslatorreta.com\/ca\/wp-json\/wp\/v2\/pages\/2143\/revisions"}],"predecessor-version":[{"id":2145,"href":"https:\/\/corbera.residenciaslatorreta.com\/ca\/wp-json\/wp\/v2\/pages\/2143\/revisions\/2145"}],"wp:attachment":[{"href":"https:\/\/corbera.residenciaslatorreta.com\/ca\/wp-json\/wp\/v2\/media?parent=2143"}],"wp:term":[{"taxonomy":"yst_prominent_words","embeddable":true,"href":"https:\/\/corbera.residenciaslatorreta.com\/ca\/wp-json\/wp\/v2\/yst_prominent_words?post=2143"}],"curies":[{"name":"wp","href":"https:\/\/api.w.org\/{rel}","templated":true}]}}