{"id":2122,"date":"2021-10-04T12:43:40","date_gmt":"2021-10-04T12:43:40","guid":{"rendered":"https:\/\/corbera.residenciaslatorreta.com\/info-covid-19\/"},"modified":"2022-05-05T09:16:28","modified_gmt":"2022-05-05T09:16:28","slug":"info-covid-19","status":"publish","type":"page","link":"https:\/\/corbera.residenciaslatorreta.com\/ca\/info-covid-19\/","title":{"rendered":"Mesures Covid-19"},"content":{"rendered":"<div class=\"wpb-content-wrapper\"><p>[vc_row css_animation=&#8221;&#8221; row_type=&#8221;row&#8221; use_row_as_full_screen_section=&#8221;no&#8221; type=&#8221;full_width&#8221; angled_section=&#8221;no&#8221; text_align=&#8221;left&#8221; background_image_as_pattern=&#8221;without_pattern&#8221; css=&#8221;.vc_custom_1633510747702{background-color: #58595b !important;}&#8221; z_index=&#8221;&#8221;][vc_column][vc_empty_space height=&#8221;50px&#8221;][vc_column_text]<\/p>\n<h1 style=\"text-align: center;\"><span style=\"color: #ffffff;\">Mesures<\/span><\/h1>\n<h1 style=\"text-align: center;\"><span style=\"color: #ffffff;\">Covid-19<\/span><\/h1>\n<p>[\/vc_column_text][vc_empty_space height=&#8221;50px&#8221;][\/vc_column][\/vc_row][vc_row css_animation=&#8221;&#8221; row_type=&#8221;row&#8221; use_row_as_full_screen_section=&#8221;no&#8221; type=&#8221;grid&#8221; angled_section=&#8221;no&#8221; text_align=&#8221;left&#8221; background_image_as_pattern=&#8221;without_pattern&#8221; z_index=&#8221;&#8221;][vc_column][vc_empty_space height=&#8221;50px&#8221;][vc_column_text]<span style=\"color: #628dc3;\"><strong>\u00bfCom podem ingressar al nostre familiar?<\/strong><\/span><\/p>\n<p>&nbsp;<\/p>\n<p><span style=\"color: #333333;\">Seguint el protocol vigent:<\/span><\/p>\n<p>&nbsp;<\/p>\n<p><span style=\"color: #333333;\"><strong>*Persona asimptom\u00e0tica correctament vacunada o que hagi passat la infecci\u00f3 de la COVID-19 durant els 3 mesos previs<\/strong><\/span><\/p>\n<p>&nbsp;<\/p>\n<p><span style=\"color: #333333;\">-NO necessitar\u00e0 quarantena a l\u00b4arribada al centre. Es realitzar\u00e0 un TAR el mateix dia de l \u00b4ingr\u00e9s i si el resultat \u00e9s negatiu s\u00b4 incorporar\u00e0 a zona verda.<\/span><\/p>\n<p><span style=\"color: #333333;\">-Posteriorment ser\u00e0 necess\u00e0ria la realitzaci\u00f3 d\u00b4 una PCR durant les primeres 48\/72h.<\/span><\/p>\n<p>&nbsp;<\/p>\n<p><span style=\"color: #333333;\"><strong>*Persona asimptom\u00e0tica NO vacunada, vacunada de forma incomplerta o que no hagi passat la malaltia durant els darrers 90 dies. <\/strong><\/span><\/p>\n<p>&nbsp;<\/p>\n<p><span style=\"color: #333333;\">-Tindr\u00e0 que realitzar quarantena durant 10 dies en zona groga, amb la realitzaci\u00f3 d\u00b4 una prova de diagn\u00f2stic que indiqui l\u00b4 abs\u00e8ncia de transmissibilitat (PCR negativa o dos TAR realitzats els dies 9 i 10 de a\u00efllament).<\/span><\/p>\n<p><span style=\"color: #333333;\">*Les persones que ha superat la malaltia durant els 90 dies anteriors a l \u00b4ingr\u00e9s, han complert el per\u00edode de a\u00efllament en un altre centre sanitari o residencial i han rebut l\u00b4 alta m\u00e8dica, podran ingressar sense realitzar a\u00efllament preventiu si disposen d\u00b4una PCR negativa.<\/span><\/p>\n<p><span style=\"color: #333333;\">*Aquells ingressos que provinguin d\u00b4 alta hospital\u00e0ria, de centres sociosanitaris o d\u00b4altres recursos assistencials, on s\u00b4hagi realitzat un estricte a\u00efllament preventiu, poden ingressar directament en zona verda.<\/span><\/p>\n<p><strong>\u00a0<\/strong><\/p>\n<p><span style=\"color: #628dc3;\"><strong>\u00bfCom prevenim la infecci\u00f3 per COVID i protegim als nostres usuaris?<\/strong><\/span><\/p>\n<p>&nbsp;<\/p>\n<ul>\n<li><span style=\"color: #333333;\">Realitzaci\u00f3 de proves COVID peri\u00f2diques, a tots els nostres professionals segon les indicacions del Departament de Salut.<\/span><\/li>\n<li><span style=\"color: #333333;\">Promoci\u00f3 de la vacunaci\u00f3 als professionals.<\/span><\/li>\n<li><span style=\"color: #333333;\">Formaci\u00f3 continua als professionals.<\/span><\/li>\n<li><span style=\"color: #333333;\">Utilitzaci\u00f3 de mascareta per part de tot el personal del centre.<\/span><\/li>\n<li><span style=\"color: #333333;\">Desinfecci\u00f3 d\u00b4 espais i materials.<\/span><\/li>\n<li><span style=\"color: #333333;\">Establiment d\u00b4 unitats de conviv\u00e8ncia.<\/span><\/li>\n<li><span style=\"color: #333333;\">Fomentant activitats a l\u00b4 exterior quan la climatologia ho permet.<\/span><\/li>\n<\/ul>\n<p><strong>\u00a0<\/strong><\/p>\n<p><span style=\"color: #628dc3;\"><strong>Visites d\u00b4usuaris<\/strong><\/span><\/p>\n<p>&nbsp;<\/p>\n<ul>\n<li><span style=\"color: #333333;\"><strong>Cita pr\u00e8via: <\/strong>Les visites i sortides es programen amb cita pr\u00e8via.<\/span><\/li>\n<li><span style=\"color: #333333;\"><strong>Registre diari de visitants: <\/strong>Es mantindr\u00e0 registre diari amb tel\u00e8fon de contacte, amb la finalitat de facilitar l\u00b4 estudi de contactes.<\/span><\/li>\n<li><span style=\"color: #333333;\"><strong>\u00c0rees de visita: <\/strong>Els nostres centres disposen d\u00b4 \u00e0rees espec\u00edfiques de visites, amb aforament que respecta les distancies de seguretat entre fam\u00edlies i una correcta ventilaci\u00f3.<\/span><\/li>\n<li><span style=\"color: #333333;\"><strong>Restriccions d\u00b4 accessos: <\/strong>Cap persona visitant amb confirmaci\u00f3 o sospita d\u00b4 infecci\u00f3 per coronavirus SARS- CoV-2 no pot accedir a la resid\u00e8ncia fins la seva alta m\u00e8dica.<\/span><\/li>\n<\/ul>\n<ul>\n<li><span style=\"color: #333333;\"><strong>Mesures de protecci\u00f3 a adoptar per part dels visitants:<\/strong><\/span>\u00a0 <span style=\"color: #333333;\">Per realitzar la visita, el familiar:<\/span><\/li>\n<\/ul>\n<p><span style=\"color: #333333;\">\u00a0 \u00a0 \u00a0 \u00a0 \u00a0 \u00a0-Haur\u00e0 de realitzar rentat de mans amb gel hidroalcoh\u00f2lic \u00a0a l\u00b4entrada i sortida del centre.<\/span><\/p>\n<p><span style=\"color: #333333;\">\u00a0 \u00a0 \u00a0 \u00a0 \u00a0 \u00a0-Haur\u00e0 de portar mascareta quir\u00fargica o FFP2.<\/span><\/p>\n<p><span style=\"color: #333333;\">\u00a0 \u00a0 \u00a0 \u00a0 \u00a0 \u00a0-No podr\u00e0 transitar per zones del centre no autoritzades.<\/span>[\/vc_column_text][vc_empty_space height=&#8221;50px&#8221;][\/vc_column][\/vc_row][vc_row css_animation=&#8221;&#8221; row_type=&#8221;row&#8221; use_row_as_full_screen_section=&#8221;no&#8221; type=&#8221;full_width&#8221; angled_section=&#8221;no&#8221; text_align=&#8221;left&#8221; background_image_as_pattern=&#8221;without_pattern&#8221; z_index=&#8221;&#8221; background_image=&#8221;1817&#8243;][vc_column][vc_empty_space height=&#8221;400&#8243;][vc_column_text][\/vc_column_text][vc_empty_space height=&#8221;400&#8243;][\/vc_column][\/vc_row]<\/p>\n<\/div>","protected":false},"excerpt":{"rendered":"<p>[vc_row css_animation=&#8221;&#8221; row_type=&#8221;row&#8221; use_row_as_full_screen_section=&#8221;no&#8221; type=&#8221;full_width&#8221; angled_section=&#8221;no&#8221; text_align=&#8221;left&#8221; background_image_as_pattern=&#8221;without_pattern&#8221; css=&#8221;.vc_custom_1633510747702{background-color: #58595b !important;}&#8221; z_index=&#8221;&#8221;][vc_column][vc_empty_space height=&#8221;50px&#8221;][vc_column_text] Mesures Covid-19 [\/vc_column_text][vc_empty_space height=&#8221;50px&#8221;][\/vc_column][\/vc_row][vc_row css_animation=&#8221;&#8221; row_type=&#8221;row&#8221; use_row_as_full_screen_section=&#8221;no&#8221; type=&#8221;grid&#8221; angled_section=&#8221;no&#8221; text_align=&#8221;left&#8221; background_image_as_pattern=&#8221;without_pattern&#8221; z_index=&#8221;&#8221;][vc_column][vc_empty_space height=&#8221;50px&#8221;][vc_column_text]\u00bfCom podem ingressar al nostre familiar? &nbsp; Seguint el protocol vigent: &nbsp; *Persona asimptom\u00e0tica correctament vacunada o que hagi passat&#8230;<\/p>\n","protected":false},"author":2,"featured_media":0,"parent":0,"menu_order":0,"comment_status":"closed","ping_status":"closed","template":"full_width.php","meta":{"footnotes":""},"yst_prominent_words":[],"class_list":["post-2122","page","type-page","status-publish","hentry"],"_links":{"self":[{"href":"https:\/\/corbera.residenciaslatorreta.com\/ca\/wp-json\/wp\/v2\/pages\/2122","targetHints":{"allow":["GET"]}}],"collection":[{"href":"https:\/\/corbera.residenciaslatorreta.com\/ca\/wp-json\/wp\/v2\/pages"}],"about":[{"href":"https:\/\/corbera.residenciaslatorreta.com\/ca\/wp-json\/wp\/v2\/types\/page"}],"author":[{"embeddable":true,"href":"https:\/\/corbera.residenciaslatorreta.com\/ca\/wp-json\/wp\/v2\/users\/2"}],"replies":[{"embeddable":true,"href":"https:\/\/corbera.residenciaslatorreta.com\/ca\/wp-json\/wp\/v2\/comments?post=2122"}],"version-history":[{"count":4,"href":"https:\/\/corbera.residenciaslatorreta.com\/ca\/wp-json\/wp\/v2\/pages\/2122\/revisions"}],"predecessor-version":[{"id":2239,"href":"https:\/\/corbera.residenciaslatorreta.com\/ca\/wp-json\/wp\/v2\/pages\/2122\/revisions\/2239"}],"wp:attachment":[{"href":"https:\/\/corbera.residenciaslatorreta.com\/ca\/wp-json\/wp\/v2\/media?parent=2122"}],"wp:term":[{"taxonomy":"yst_prominent_words","embeddable":true,"href":"https:\/\/corbera.residenciaslatorreta.com\/ca\/wp-json\/wp\/v2\/yst_prominent_words?post=2122"}],"curies":[{"name":"wp","href":"https:\/\/api.w.org\/{rel}","templated":true}]}}