{"id":2004,"date":"2021-10-02T10:21:31","date_gmt":"2021-10-02T10:21:31","guid":{"rendered":"https:\/\/corbera.residenciaslatorreta.com\/actividades\/"},"modified":"2022-01-08T13:05:29","modified_gmt":"2022-01-08T13:05:29","slug":"activitats","status":"publish","type":"page","link":"https:\/\/corbera.residenciaslatorreta.com\/ca\/activitats\/","title":{"rendered":"Activitats"},"content":{"rendered":"<div class=\"wpb-content-wrapper\"><p>[vc_row css_animation=&#8221;element_from_bottom&#8221; row_type=&#8221;row&#8221; use_row_as_full_screen_section=&#8221;no&#8221; type=&#8221;full_width&#8221; angled_section=&#8221;no&#8221; text_align=&#8221;left&#8221; background_image_as_pattern=&#8221;without_pattern&#8221; css=&#8221;.vc_custom_1633510392534{background-color: #58595b !important;}&#8221; z_index=&#8221;&#8221;][vc_column][vc_empty_space height=&#8221;50&#8243;][vc_column_text]<\/p>\n<h1 style=\"text-align: center;\"><span style=\"color: #ffffff;\">Activitats\u00a0<\/span><\/h1>\n<p>[\/vc_column_text][vc_empty_space height=&#8221;50&#8243;][\/vc_column][\/vc_row][vc_row css_animation=&#8221;&#8221; row_type=&#8221;row&#8221; use_row_as_full_screen_section=&#8221;no&#8221; type=&#8221;grid&#8221; angled_section=&#8221;no&#8221; text_align=&#8221;left&#8221; background_image_as_pattern=&#8221;without_pattern&#8221; z_index=&#8221;&#8221;][vc_column][vc_empty_space height=&#8221;50&#8243;][\/vc_column][\/vc_row][vc_row css_animation=&#8221;&#8221; row_type=&#8221;row&#8221; use_row_as_full_screen_section=&#8221;no&#8221; type=&#8221;grid&#8221; angled_section=&#8221;no&#8221; text_align=&#8221;left&#8221; background_image_as_pattern=&#8221;without_pattern&#8221; z_index=&#8221;&#8221;][vc_column width=&#8221;1\/2&#8243;][vc_single_image image=&#8221;2087&#8243; img_size=&#8221;530&#215;290&#8243; qode_css_animation=&#8221;&#8221; qode_hover_animation=&#8221;bottom_title&#8221;][vc_empty_space height=&#8221;10&#8243;][vc_single_image image=&#8221;2093&#8243; img_size=&#8221;530&#215;290&#8243; qode_css_animation=&#8221;&#8221; qode_hover_animation=&#8221;bottom_title&#8221;][vc_empty_space height=&#8221;10&#8243;][\/vc_column][vc_column width=&#8221;1\/2&#8243;][vc_single_image image=&#8221;2057&#8243; img_size=&#8221;530X590&#8243; qode_css_animation=&#8221;&#8221; qode_hover_animation=&#8221;bottom_title&#8221;][vc_empty_space height=&#8221;10&#8243;][\/vc_column][\/vc_row][vc_row css_animation=&#8221;&#8221; row_type=&#8221;row&#8221; use_row_as_full_screen_section=&#8221;no&#8221; type=&#8221;grid&#8221; angled_section=&#8221;no&#8221; text_align=&#8221;left&#8221; background_image_as_pattern=&#8221;without_pattern&#8221; z_index=&#8221;&#8221;][vc_column][vc_empty_space height=&#8221;50&#8243;][\/vc_column][\/vc_row][vc_row css_animation=&#8221;&#8221; row_type=&#8221;row&#8221; use_row_as_full_screen_section=&#8221;no&#8221; type=&#8221;full_width&#8221; angled_section=&#8221;no&#8221; text_align=&#8221;left&#8221; background_image_as_pattern=&#8221;without_pattern&#8221; css=&#8221;.vc_custom_1633521984002{background-color: #006799 !important;}&#8221; z_index=&#8221;&#8221;][vc_column][vc_empty_space height=&#8221;60&#8243;][vc_column_text css=&#8221;.vc_custom_1640712456108{padding-right: 50px !important;padding-left: 50px !important;}&#8221;]<\/p>\n<h5 style=\"text-align: center;\"><span style=\"color: #ffffff;\">&#8220;Les activitats que tenim\u00a0al\u00a0nostre centre tenen una determinaci\u00f3: La <strong>VOCACI\u00d3<\/strong> en fer les coses b\u00e9, la <strong>TRANQUIL\u00b7LITAT<\/strong> d&#8217;uns resultats excel\u00b7lents i la <strong>CONFIAN\u00c7A<\/strong> d&#8217;usuaris i familiars&#8221;.<\/span><\/h5>\n<p>[\/vc_column_text][vc_empty_space height=&#8221;60&#8243;][\/vc_column][\/vc_row][vc_row css_animation=&#8221;&#8221; row_type=&#8221;row&#8221; use_row_as_full_screen_section=&#8221;no&#8221; type=&#8221;grid&#8221; angled_section=&#8221;no&#8221; text_align=&#8221;left&#8221; background_image_as_pattern=&#8221;without_pattern&#8221; z_index=&#8221;&#8221;][vc_column][vc_empty_space height=&#8221;50&#8243;][\/vc_column][\/vc_row][vc_row css_animation=&#8221;&#8221; row_type=&#8221;row&#8221; use_row_as_full_screen_section=&#8221;no&#8221; type=&#8221;grid&#8221; angled_section=&#8221;no&#8221; text_align=&#8221;left&#8221; background_image_as_pattern=&#8221;without_pattern&#8221; z_index=&#8221;&#8221;][vc_column][vc_column_text]<span style=\"color: #333333;\">Les activitats en una resid\u00e8ncia s\u00f3n essencials per a la gent gran, com els tallers que fem de mem\u00f2ria o psicomotricitat. Per aquesta ra\u00f3, \u00e9s crucial tenir un equip comprom\u00e8s que pugui crear activitats diferents, adaptades a les necessitats de la nostra gent gran i, per descomptat, amb molta varietat.<\/span><\/p>\n<p>&nbsp;<\/p>\n<p><span style=\"color: #333333;\">En aquest sentit, a<\/span>\u00a0<span style=\"color: #41783c;\"><strong><span style=\"color: #006799;\">La Torreta<\/span> <span style=\"color: #8fd179;\">de Corbera <\/span><\/strong><\/span><span style=\"color: #333333;\">posem\u00a0a la disposici\u00f3 dels nostres majors una gran varietat de tallers i activitats, des d&#8217;estimulaci\u00f3 cognitiva, a trav\u00e9s de plantilles alfa num\u00e8riques, pensades per estimular el c\u00e0lcul i la coordinaci\u00f3, fins a tallers d&#8217;horticultura, pensades per estimular els sentits i la motricitat.<\/span><\/p>\n<p>&nbsp;<\/p>\n<p><span style=\"color: #333333;\">El comprom\u00eds de tot el nostre equip \u00e9s la promoci\u00f3 de l&#8217;assist\u00e8ncia personalitzada, la conviv\u00e8ncia i la integraci\u00f3 i la relaci\u00f3 amb el medi social, en unes instal\u00b7lacions exclusives, dissenyades per a la comoditat i adaptades a les necessitats dels nostres residents i les seves fam\u00edlies.<\/span>[\/vc_column_text][\/vc_column][\/vc_row][vc_row css_animation=&#8221;&#8221; row_type=&#8221;row&#8221; use_row_as_full_screen_section=&#8221;no&#8221; type=&#8221;grid&#8221; angled_section=&#8221;no&#8221; text_align=&#8221;left&#8221; background_image_as_pattern=&#8221;without_pattern&#8221; z_index=&#8221;&#8221;][vc_column][vc_empty_space height=&#8221;50&#8243;][\/vc_column][\/vc_row][vc_row css_animation=&#8221;&#8221; row_type=&#8221;row&#8221; use_row_as_full_screen_section=&#8221;no&#8221; type=&#8221;full_width&#8221; angled_section=&#8221;no&#8221; text_align=&#8221;left&#8221; background_image_as_pattern=&#8221;without_pattern&#8221; css=&#8221;.vc_custom_1633171763372{background-color: #58595b !important;}&#8221; z_index=&#8221;&#8221;][vc_column][vc_empty_space height=&#8221;50px&#8221;][vc_column_text]<\/p>\n<h2 style=\"text-align: center;\"><span style=\"color: #ffffff;\">Activitats que realitzem<\/span><\/h2>\n<p>[\/vc_column_text][vc_empty_space height=&#8221;50px&#8221;][\/vc_column][\/vc_row][vc_row css_animation=&#8221;element_from_bottom&#8221; row_type=&#8221;row&#8221; use_row_as_full_screen_section=&#8221;no&#8221; type=&#8221;grid&#8221; angled_section=&#8221;no&#8221; text_align=&#8221;left&#8221; background_image_as_pattern=&#8221;without_pattern&#8221; z_index=&#8221;&#8221; css=&#8221;.vc_custom_1633172341406{background-color: #58595b !important;}&#8221;][vc_column width=&#8221;1\/5&#8243;]<div class=\"q_icon_list\"><i class=\"qode_icon_font_awesome fa fa-check qode-ili-icon-holder transparent\" style=\"color: #ffffff;\" ><\/i><p style=\"color:#ffffff;\">Psicomotricitat<\/p><\/div>[\/vc_column][vc_column width=&#8221;1\/5&#8243;]<div class=\"q_icon_list\"><i class=\"qode_icon_font_awesome fa fa-check qode-ili-icon-holder transparent\" style=\"color: #ffffff;\" ><\/i><p style=\"color:#ffffff;\">Estimulaci\u00f3 cognitiva<\/p><\/div>[\/vc_column][vc_column width=&#8221;1\/5&#8243;]<div class=\"q_icon_list\"><i class=\"qode_icon_font_awesome fa fa-check qode-ili-icon-holder transparent\" style=\"color: #ffffff;\" ><\/i><p style=\"color:#ffffff;\">Tallers de mem\u00f2ria<\/p><\/div>[\/vc_column][vc_column width=&#8221;1\/5&#8243;]<div class=\"q_icon_list\"><i class=\"qode_icon_font_awesome fa fa-check qode-ili-icon-holder transparent\" style=\"color: #ffffff;\" ><\/i><p style=\"color:#ffffff;\">Tallers d'hist\u00f2ria de vida<\/p><\/div>[\/vc_column][vc_column width=&#8221;1\/5&#8243;]<div class=\"q_icon_list\"><i class=\"qode_icon_font_awesome fa fa-check qode-ili-icon-holder transparent\" style=\"color: #ffffff;\" ><\/i><p style=\"color:#ffffff;\">Laborter\u00e0pia<\/p><\/div>[\/vc_column][\/vc_row][vc_row css_animation=&#8221;element_from_bottom&#8221; row_type=&#8221;row&#8221; use_row_as_full_screen_section=&#8221;no&#8221; type=&#8221;grid&#8221; angled_section=&#8221;no&#8221; text_align=&#8221;left&#8221; background_image_as_pattern=&#8221;without_pattern&#8221; z_index=&#8221;&#8221; css=&#8221;.vc_custom_1633172349470{background-color: #58595b !important;}&#8221;][vc_column width=&#8221;1\/5&#8243;]<div class=\"q_icon_list\"><i class=\"qode_icon_font_awesome fa fa-check qode-ili-icon-holder transparent\" style=\"color: #ffffff;\" ><\/i><p style=\"color:#ffffff;\">Musicoter\u00e0pia<\/p><\/div>[\/vc_column][vc_column width=&#8221;1\/5&#8243;]<div class=\"q_icon_list\"><i class=\"qode_icon_font_awesome fa fa-check qode-ili-icon-holder transparent\" style=\"color: #ffffff;\" ><\/i><p style=\"color:#ffffff;\">Lectoescriptura<\/p><\/div>[\/vc_column][vc_column width=&#8221;1\/5&#8243;]<div class=\"q_icon_list\"><i class=\"qode_icon_font_awesome fa fa-check qode-ili-icon-holder transparent\" style=\"color: #ffffff;\" ><\/i><p style=\"color:#ffffff;\">Art-ter\u00e0pia<\/p><\/div>[\/vc_column][vc_column width=&#8221;1\/5&#8243;]<div class=\"q_icon_list\"><i class=\"qode_icon_font_awesome fa fa-check qode-ili-icon-holder transparent\" style=\"color: #ffffff;\" ><\/i><p style=\"color:#ffffff;\">Cuina i reposteria<\/p><\/div>[\/vc_column][vc_column width=&#8221;1\/5&#8243;]<div class=\"q_icon_list\"><i class=\"qode_icon_font_awesome fa fa-check qode-ili-icon-holder transparent\" style=\"color: #ffffff;\" ><\/i><p style=\"color:#ffffff;\">Assessorament a l'entorn familiar<\/p><\/div>[\/vc_column][\/vc_row][vc_row css_animation=&#8221;element_from_bottom&#8221; row_type=&#8221;row&#8221; use_row_as_full_screen_section=&#8221;no&#8221; type=&#8221;grid&#8221; angled_section=&#8221;no&#8221; text_align=&#8221;left&#8221; background_image_as_pattern=&#8221;without_pattern&#8221; z_index=&#8221;&#8221; css=&#8221;.vc_custom_1633172357210{background-color: #58595b !important;}&#8221;][vc_column width=&#8221;1\/5&#8243;]<div class=\"q_icon_list\"><i class=\"qode_icon_font_awesome fa fa-check qode-ili-icon-holder transparent\" style=\"color: #ffffff;\" ><\/i><p style=\"color:#ffffff;\">Sala multisensorial<\/p><\/div>[\/vc_column][vc_column width=&#8221;1\/5&#8243;]<div class=\"q_icon_list\"><i class=\"qode_icon_font_awesome fa fa-check qode-ili-icon-holder transparent\" style=\"color: #ffffff;\" ><\/i><p style=\"color:#ffffff;\">Activitats i jocs l\u00fadics<\/p><\/div>[\/vc_column][vc_column width=&#8221;1\/5&#8243;]<div class=\"q_icon_list\"><i class=\"qode_icon_font_awesome fa fa-check qode-ili-icon-holder transparent\" style=\"color: #ffffff;\" ><\/i><p style=\"color:#ffffff;\">Risoter\u00e0pia<\/p><\/div>[\/vc_column][vc_column width=&#8221;1\/5&#8243;]<div class=\"q_icon_list\"><i class=\"qode_icon_font_awesome fa fa-check qode-ili-icon-holder transparent\" style=\"color: #ffffff;\" ><\/i><p style=\"color:#ffffff;\">Ter\u00e0pia amb animals<\/p><\/div>[\/vc_column][vc_column width=&#8221;1\/5&#8243;]<div class=\"q_icon_list\"><i class=\"qode_icon_font_awesome fa fa-check qode-ili-icon-holder transparent\" style=\"color: #ffffff;\" ><\/i><p style=\"color:#ffffff;\">Hort terap\u00e8utic<\/p><\/div>[\/vc_column][\/vc_row][vc_row css_animation=&#8221;element_from_bottom&#8221; row_type=&#8221;row&#8221; use_row_as_full_screen_section=&#8221;no&#8221; type=&#8221;grid&#8221; angled_section=&#8221;no&#8221; text_align=&#8221;left&#8221; background_image_as_pattern=&#8221;without_pattern&#8221; z_index=&#8221;&#8221; css=&#8221;.vc_custom_1633172357210{background-color: #58595b !important;}&#8221;][vc_column width=&#8221;1\/5&#8243;]<div class=\"q_icon_list\"><i class=\"qode_icon_font_awesome fa fa-check qode-ili-icon-holder transparent\" style=\"color: #ffffff;\" ><\/i><p style=\"color:#ffffff;\">Gerontoespinning<\/p><\/div>[\/vc_column][vc_column width=&#8221;1\/5&#8243;]<div class=\"q_icon_list\"><i class=\"qode_icon_font_awesome fa fa-check qode-ili-icon-holder transparent\" style=\"color: #ffffff;\" ><\/i><p style=\"color:#ffffff;\">Jornades gastron\u00f2miques regionales<\/p><\/div>[\/vc_column][vc_column width=&#8221;1\/5&#8243;]<div class=\"q_icon_list\"><i class=\"qode_icon_font_awesome fa fa-check qode-ili-icon-holder transparent\" style=\"color: #ffffff;\" ><\/i><p style=\"color:#ffffff;\">Sortides i excursiones a l'exterior<\/p><\/div>[\/vc_column][vc_column width=&#8221;1\/5&#8243;]<div class=\"q_icon_list\"><i class=\"qode_icon_font_awesome fa fa-check qode-ili-icon-holder transparent\" style=\"color: #ffffff;\" ><\/i><p style=\"color:#ffffff;\">Sortides a exposicions d'art<\/p><\/div>[\/vc_column][vc_column width=&#8221;1\/5&#8243;]<div class=\"q_icon_list\"><i class=\"qode_icon_font_awesome fa fa-check qode-ili-icon-holder transparent\" style=\"color: #ffffff;\" ><\/i><p style=\"color:#ffffff;\">Petanca<\/p><\/div>[\/vc_column][\/vc_row][vc_row css_animation=&#8221;&#8221; row_type=&#8221;row&#8221; use_row_as_full_screen_section=&#8221;no&#8221; type=&#8221;grid&#8221; angled_section=&#8221;no&#8221; text_align=&#8221;left&#8221; background_image_as_pattern=&#8221;without_pattern&#8221; z_index=&#8221;&#8221;][vc_column][vc_empty_space height=&#8221;50&#8243;][\/vc_column][\/vc_row][vc_row css_animation=&#8221;&#8221; row_type=&#8221;row&#8221; use_row_as_full_screen_section=&#8221;no&#8221; type=&#8221;grid&#8221; angled_section=&#8221;no&#8221; text_align=&#8221;left&#8221; background_image_as_pattern=&#8221;without_pattern&#8221; z_index=&#8221;&#8221;][vc_column width=&#8221;1\/2&#8243;][vc_single_image image=&#8221;1844&#8243; img_size=&#8221;530X590&#8243; qode_css_animation=&#8221;&#8221; qode_hover_animation=&#8221;bottom_title&#8221;][vc_empty_space height=&#8221;10&#8243;][\/vc_column][vc_column width=&#8221;1\/2&#8243;][vc_single_image image=&#8221;2091&#8243; img_size=&#8221;530&#215;290&#8243; qode_css_animation=&#8221;&#8221; qode_hover_animation=&#8221;bottom_title&#8221;][vc_empty_space height=&#8221;10&#8243;][vc_single_image image=&#8221;2089&#8243; img_size=&#8221;530&#215;290&#8243; qode_css_animation=&#8221;&#8221; qode_hover_animation=&#8221;bottom_title&#8221;][vc_empty_space height=&#8221;10&#8243;][\/vc_column][\/vc_row][vc_row css_animation=&#8221;&#8221; row_type=&#8221;row&#8221; use_row_as_full_screen_section=&#8221;no&#8221; type=&#8221;full_width&#8221; angled_section=&#8221;no&#8221; text_align=&#8221;center&#8221; background_image_as_pattern=&#8221;without_pattern&#8221; z_index=&#8221;&#8221;][vc_column][vc_empty_space height=&#8221;50&#8243;]<a  itemprop=\"url\" href=\"https:\/\/corbera.residenciaslatorreta.com\/galeria\/\" target=\"_self\" data-hover-background-color='#628dc3' data-hover-border-color='#628dc3' data-hover-color='#ffffff' class=\"qbutton  medium center default\" style=\"color: #ffffff; border-color: #006799; background-color: #006799;\">Vere galeria<span aria-hidden=\"true\" class=\"qode_icon_font_elegant arrow_carrot-2right qode_button_icon_element\" style=\"color: #ffffff;\" ><\/span><\/a>[vc_empty_space height=&#8221;50&#8243;][\/vc_column][\/vc_row]<\/p>\n<\/div>","protected":false},"excerpt":{"rendered":"<p>[vc_row css_animation=&#8221;element_from_bottom&#8221; row_type=&#8221;row&#8221; use_row_as_full_screen_section=&#8221;no&#8221; type=&#8221;full_width&#8221; angled_section=&#8221;no&#8221; text_align=&#8221;left&#8221; background_image_as_pattern=&#8221;without_pattern&#8221; css=&#8221;.vc_custom_1633510392534{background-color: #58595b !important;}&#8221; z_index=&#8221;&#8221;][vc_column][vc_empty_space height=&#8221;50&#8243;][vc_column_text] Activitats\u00a0 [\/vc_column_text][vc_empty_space height=&#8221;50&#8243;][\/vc_column][\/vc_row][vc_row css_animation=&#8221;&#8221; row_type=&#8221;row&#8221; use_row_as_full_screen_section=&#8221;no&#8221; type=&#8221;grid&#8221; angled_section=&#8221;no&#8221; text_align=&#8221;left&#8221; background_image_as_pattern=&#8221;without_pattern&#8221; z_index=&#8221;&#8221;][vc_column][vc_empty_space height=&#8221;50&#8243;][\/vc_column][\/vc_row][vc_row css_animation=&#8221;&#8221; row_type=&#8221;row&#8221; use_row_as_full_screen_section=&#8221;no&#8221; type=&#8221;grid&#8221; angled_section=&#8221;no&#8221; text_align=&#8221;left&#8221; background_image_as_pattern=&#8221;without_pattern&#8221; z_index=&#8221;&#8221;][vc_column width=&#8221;1\/2&#8243;][vc_single_image image=&#8221;2087&#8243; img_size=&#8221;530&#215;290&#8243; qode_css_animation=&#8221;&#8221; qode_hover_animation=&#8221;bottom_title&#8221;][vc_empty_space height=&#8221;10&#8243;][vc_single_image image=&#8221;2093&#8243; img_size=&#8221;530&#215;290&#8243; qode_css_animation=&#8221;&#8221; qode_hover_animation=&#8221;bottom_title&#8221;][vc_empty_space height=&#8221;10&#8243;][\/vc_column][vc_column width=&#8221;1\/2&#8243;][vc_single_image&#8230;<\/p>\n","protected":false},"author":2,"featured_media":0,"parent":0,"menu_order":0,"comment_status":"closed","ping_status":"closed","template":"full_width.php","meta":{"footnotes":""},"yst_prominent_words":[],"class_list":["post-2004","page","type-page","status-publish","hentry"],"_links":{"self":[{"href":"https:\/\/corbera.residenciaslatorreta.com\/ca\/wp-json\/wp\/v2\/pages\/2004","targetHints":{"allow":["GET"]}}],"collection":[{"href":"https:\/\/corbera.residenciaslatorreta.com\/ca\/wp-json\/wp\/v2\/pages"}],"about":[{"href":"https:\/\/corbera.residenciaslatorreta.com\/ca\/wp-json\/wp\/v2\/types\/page"}],"author":[{"embeddable":true,"href":"https:\/\/corbera.residenciaslatorreta.com\/ca\/wp-json\/wp\/v2\/users\/2"}],"replies":[{"embeddable":true,"href":"https:\/\/corbera.residenciaslatorreta.com\/ca\/wp-json\/wp\/v2\/comments?post=2004"}],"version-history":[{"count":5,"href":"https:\/\/corbera.residenciaslatorreta.com\/ca\/wp-json\/wp\/v2\/pages\/2004\/revisions"}],"predecessor-version":[{"id":2102,"href":"https:\/\/corbera.residenciaslatorreta.com\/ca\/wp-json\/wp\/v2\/pages\/2004\/revisions\/2102"}],"wp:attachment":[{"href":"https:\/\/corbera.residenciaslatorreta.com\/ca\/wp-json\/wp\/v2\/media?parent=2004"}],"wp:term":[{"taxonomy":"yst_prominent_words","embeddable":true,"href":"https:\/\/corbera.residenciaslatorreta.com\/ca\/wp-json\/wp\/v2\/yst_prominent_words?post=2004"}],"curies":[{"name":"wp","href":"https:\/\/api.w.org\/{rel}","templated":true}]}}